{"id":7,"date":"2025-10-24T19:16:36","date_gmt":"2025-10-24T19:16:36","guid":{"rendered":"https:\/\/neqplas.com.br\/comercialoiapoque\/?page_id=7"},"modified":"2025-10-24T19:52:22","modified_gmt":"2025-10-24T19:52:22","slug":"comercial-oiapoque-ao-chui","status":"publish","type":"page","link":"https:\/\/neqplas.com.br\/comercialoiapoque\/","title":{"rendered":"Comercial Oiapoque ao chui"},"content":{"rendered":"\t\t<div data-elementor-type=\"wp-page\" data-elementor-id=\"7\" class=\"elementor elementor-7\">\n\t\t\t\t<div class=\"elementor-element elementor-element-36ef422 e-flex e-con-boxed e-con e-parent\" data-id=\"36ef422\" data-element_type=\"container\" data-e-type=\"container\" data-settings=\"{&quot;background_background&quot;:&quot;classic&quot;}\">\n\t\t\t\t\t<div class=\"e-con-inner\">\n\t\t\t\t\t<\/div>\n\t\t\t\t<\/div>\n\t\t<div class=\"elementor-element elementor-element-09c3120 e-flex e-con-boxed e-con e-parent\" data-id=\"09c3120\" data-element_type=\"container\" data-e-type=\"container\">\n\t\t\t\t\t<div class=\"e-con-inner\">\n\t\t\t\t<div class=\"elementor-element elementor-element-97e5c97 elementor-widget elementor-widget-heading\" data-id=\"97e5c97\" data-element_type=\"widget\" data-e-type=\"widget\" data-widget_type=\"heading.default\">\n\t\t\t\t\t<h2 class=\"elementor-heading-title elementor-size-default\">Comercial Oiapoque Ao Chu\u00ed Brasil LTDA<\/h2>\t\t\t\t<\/div>\n\t\t\t\t<div class=\"elementor-element elementor-element-4ef2aa2 elementor-widget elementor-widget-heading\" data-id=\"4ef2aa2\" data-element_type=\"widget\" data-e-type=\"widget\" data-widget_type=\"heading.default\">\n\t\t\t\t\t<h1 class=\"elementor-heading-title elementor-size-default\">Grupo empresarial de solu\u00e7\u00f5es integradas para vendas corporativas e licita\u00e7\u00f5es p\u00fablicas<\/h1>\t\t\t\t<\/div>\n\t\t\t\t<div class=\"elementor-element elementor-element-3c63f64 elementor-widget elementor-widget-text-editor\" data-id=\"3c63f64\" data-element_type=\"widget\" data-e-type=\"widget\" data-widget_type=\"text-editor.default\">\n\t\t\t\t\t\t\t\t\t<p data-start=\"771\" data-end=\"1144\">A <strong data-start=\"795\" data-end=\"837\">Comercial Oiapoque Ao Chu\u00ed Brasil LTDA<\/strong> \u00e9 a empresa matriz de um grupo empresarial s\u00f3lido e diversificado, que atua em diferentes segmentos do mercado nacional.<br data-start=\"958\" data-end=\"961\" \/>Com foco em <strong data-start=\"973\" data-end=\"1045\">vendas corporativas, fornecimentos para \u00f3rg\u00e3os p\u00fablicos e licita\u00e7\u00f5es<\/strong>, o grupo \u00e9 formado por empresas que se complementam, oferecendo solu\u00e7\u00f5es completas de <strong data-start=\"1132\" data-end=\"1141\">A a Z<\/strong>.<\/p><p data-start=\"1146\" data-end=\"1270\">Nosso compromisso \u00e9 unir <strong data-start=\"1171\" data-end=\"1212\">qualidade, agilidade e confiabilidade<\/strong>, entregando resultados reais a clientes de todo o Brasil.<\/p><blockquote data-start=\"1272\" data-end=\"1578\"><p data-start=\"1274\" data-end=\"1578\"><strong data-start=\"1274\" data-end=\"1285\">Miss\u00e3o:<\/strong> Fornecer produtos e solu\u00e7\u00f5es com excel\u00eancia, prezando pela transpar\u00eancia e pelo relacionamento de longo prazo com clientes e parceiros.<br data-start=\"1421\" data-end=\"1424\" \/><strong data-start=\"1426\" data-end=\"1436\">Vis\u00e3o:<\/strong> Ser refer\u00eancia nacional em fornecimento corporativo multissetorial.<br data-start=\"1504\" data-end=\"1507\" \/><strong data-start=\"1509\" data-end=\"1521\">Valores:<\/strong> \u00c9tica, qualidade, inova\u00e7\u00e3o, compromisso e credibilidade.<\/p><h3 data-start=\"1585\" data-end=\"1615\"><strong data-start=\"1592\" data-end=\"1615\">\u00c1reas de Atua\u00e7\u00e3o<\/strong><\/h3><ul data-start=\"1617\" data-end=\"2110\"><li data-start=\"1617\" data-end=\"1748\"><p data-start=\"1619\" data-end=\"1748\"><strong data-start=\"1619\" data-end=\"1659\">Vendas corporativas e institucionais<\/strong><br data-start=\"1659\" data-end=\"1662\" \/>Fornecimento direto para empresas privadas e organiza\u00e7\u00f5es de m\u00e9dio e grande porte.<\/p><\/li><li data-start=\"1750\" data-end=\"1916\"><p data-start=\"1752\" data-end=\"1916\"><strong data-start=\"1752\" data-end=\"1775\">Licita\u00e7\u00f5es p\u00fablicas<\/strong><br data-start=\"1775\" data-end=\"1778\" \/>Atua\u00e7\u00e3o em preg\u00f5es eletr\u00f4nicos e presenciais, fornecendo produtos diversos para prefeituras, autarquias e \u00f3rg\u00e3os estaduais e federais.<\/p><\/li><li data-start=\"1918\" data-end=\"2110\"><p data-start=\"1920\" data-end=\"2110\"><strong data-start=\"1920\" data-end=\"1968\">Distribui\u00e7\u00e3o de produtos diversos (de A a Z)<\/strong><br data-start=\"1968\" data-end=\"1971\" \/>Do setor de vestu\u00e1rio e uniformes \u00e0 ind\u00fastria pl\u00e1stica e materiais t\u00e9cnicos \u2014 o grupo atua com um portf\u00f3lio diversificado e atualizado.<\/p><\/li><\/ul><h3 data-start=\"2117\" data-end=\"2148\"><strong data-start=\"2124\" data-end=\"2148\">Empresas do Grupo<\/strong><\/h3><p data-start=\"2150\" data-end=\"2239\"><strong data-start=\"2150\" data-end=\"2198\">Grupo Comercial Oiapoque Ao Chu\u00ed Brasil LTDA<\/strong> \u00e9 composto por tr\u00eas empresas integradas:<\/p><ul data-start=\"2241\" data-end=\"2792\"><li data-start=\"2241\" data-end=\"2406\"><p data-start=\"2243\" data-end=\"2406\"><strong data-start=\"2243\" data-end=\"2254\">NEQPLAS<\/strong> \u2013 Solu\u00e7\u00f5es em acr\u00edlicos e policarbonatos para comunica\u00e7\u00e3o visual, constru\u00e7\u00e3o civil e ind\u00fastria.<br data-start=\"2350\" data-end=\"2353\" \/>\ud83c\udf10 <a class=\"decorated-link\" href=\"https:\/\/www.neqplas.com.br\" target=\"_new\" rel=\"noopener\" data-start=\"2358\" data-end=\"2406\">www.neqplas.com.br<\/a><\/p><\/li><li data-start=\"2408\" data-end=\"2630\"><p data-start=\"2410\" data-end=\"2630\"><strong data-start=\"2410\" data-end=\"2441\">Uniformes &amp; Cia de Botucatu<\/strong> \u2013 Fabrica\u00e7\u00e3o e venda de uniformes profissionais, escolares e promocionais, com mais de 30 anos de experi\u00eancia.<br data-start=\"2552\" data-end=\"2555\" \/>\ud83c\udf10 <a class=\"decorated-link\" href=\"https:\/\/www.uniformescompanhia.com.br\" target=\"_new\" rel=\"noopener\" data-start=\"2560\" data-end=\"2630\">www.uniformescompanhia.com.br<\/a><\/p><\/li><li data-start=\"2632\" data-end=\"2792\"><p data-start=\"2634\" data-end=\"2792\"><strong data-start=\"2634\" data-end=\"2685\">Comercial Oiapoque Ao Chu\u00ed Brasil LTDA (matriz)<\/strong> \u2013 Central administrativa, comercial e de licita\u00e7\u00f5es, respons\u00e1vel pela gest\u00e3o do grupo e expans\u00e3o nacional.<\/p><\/li><\/ul><blockquote data-start=\"2794\" data-end=\"2888\"><p data-start=\"2796\" data-end=\"2888\"><em data-start=\"2796\" data-end=\"2888\">Tr\u00eas marcas, um s\u00f3 prop\u00f3sito: fornecer solu\u00e7\u00f5es completas e confi\u00e1veis para todo o Brasil.<\/em><\/p><\/blockquote><\/blockquote>\t\t\t\t\t\t\t\t<\/div>\n\t\t\t\t\t<\/div>\n\t\t\t\t<\/div>\n\t\t<div class=\"elementor-element elementor-element-38c7859 e-flex e-con-boxed e-con e-parent\" data-id=\"38c7859\" data-element_type=\"container\" data-e-type=\"container\">\n\t\t\t\t\t<div class=\"e-con-inner\">\n\t\t<div class=\"elementor-element elementor-element-f8abdab e-con-full e-flex e-con e-child\" data-id=\"f8abdab\" data-element_type=\"container\" data-e-type=\"container\">\n\t\t\t\t<div class=\"elementor-element elementor-element-2641c56 elementor-widget elementor-widget-image\" data-id=\"2641c56\" data-element_type=\"widget\" data-e-type=\"widget\" data-widget_type=\"image.default\">\n\t\t\t\t\t\t\t\t\t\t\t\t\t\t\t<img fetchpriority=\"high\" decoding=\"async\" width=\"1024\" height=\"1024\" src=\"https:\/\/neqplas.com.br\/comercialoiapoque\/wp-content\/uploads\/2025\/10\/Logo-empresas-juntas.png\" class=\"attachment-large size-large wp-image-10\" alt=\"\" srcset=\"https:\/\/neqplas.com.br\/comercialoiapoque\/wp-content\/uploads\/2025\/10\/Logo-empresas-juntas.png 1024w, https:\/\/neqplas.com.br\/comercialoiapoque\/wp-content\/uploads\/2025\/10\/Logo-empresas-juntas-300x300.png 300w, https:\/\/neqplas.com.br\/comercialoiapoque\/wp-content\/uploads\/2025\/10\/Logo-empresas-juntas-150x150.png 150w\" sizes=\"(max-width: 1024px) 100vw, 1024px\" \/>\t\t\t\t\t\t\t\t\t\t\t\t\t\t\t<\/div>\n\t\t\t\t<\/div>\n\t\t<div class=\"elementor-element elementor-element-0d9b2f9 e-con-full e-flex e-con e-child\" data-id=\"0d9b2f9\" data-element_type=\"container\" data-e-type=\"container\">\n\t\t\t\t<div class=\"elementor-element elementor-element-9780b59 elementor-widget elementor-widget-text-editor\" data-id=\"9780b59\" data-element_type=\"widget\" data-e-type=\"widget\" data-widget_type=\"text-editor.default\">\n\t\t\t\t\t\t\t\t\t<p data-start=\"2980\" data-end=\"3077\">Baixe a ficha cadastral da empresa e entre em contato com nossa equipe comercial.<\/p><ul data-start=\"3079\" data-end=\"3279\"><li data-start=\"3079\" data-end=\"3137\"><p data-start=\"3081\" data-end=\"3137\"><a class=\"decorated-link cursor-pointer\" href=\"https:\/\/drive.google.com\/file\/d\/1GRaS4BshtC-iFKhuaDFnsz_RcREwseWO\/view?usp=sharing\" target=\"_blank\" rel=\"noopener\" data-start=\"3081\" data-end=\"3135\"><img decoding=\"async\" class=\"emoji\" role=\"img\" draggable=\"false\" src=\"https:\/\/s.w.org\/images\/core\/emoji\/16.0.1\/svg\/2b07.svg\" alt=\"\u2b07\ufe0f\" \/> Baixar Ficha Cadastral (PDF)\u00a0<\/a><\/p><\/li><li data-start=\"3138\" data-end=\"3212\"><p data-start=\"3140\" data-end=\"3212\"><img decoding=\"async\" class=\"emoji\" role=\"img\" draggable=\"false\" src=\"https:\/\/s.w.org\/images\/core\/emoji\/16.0.1\/svg\/1f4e7.svg\" alt=\"\ud83d\udce7\" \/> <strong data-start=\"3143\" data-end=\"3154\">E-mail:<\/strong> <a class=\"decorated-link cursor-pointer\" rel=\"noopener\" data-start=\"3155\" data-end=\"3186\">comercial@oiapoqueaochui.com.br<\/a><\/p><\/li><li data-start=\"3213\" data-end=\"3248\"><p data-start=\"3215\" data-end=\"3248\"><img decoding=\"async\" class=\"emoji\" role=\"img\" draggable=\"false\" src=\"https:\/\/s.w.org\/images\/core\/emoji\/16.0.1\/svg\/260e.svg\" alt=\"\u260e\ufe0f\" \/> <strong data-start=\"3218\" data-end=\"3231\">Telefone:<\/strong> (14) 99764-9562<\/p><\/li><li data-start=\"3249\" data-end=\"3279\"><p data-start=\"3251\" data-end=\"3279\"><img decoding=\"async\" class=\"emoji\" role=\"img\" draggable=\"false\" src=\"https:\/\/s.w.org\/images\/core\/emoji\/16.0.1\/svg\/1f4cd.svg\" alt=\"\ud83d\udccd\" \/> <strong data-start=\"3254\" data-end=\"3263\">Sede:<\/strong> Botucatu \u2013 SP<\/p><\/li><\/ul>\t\t\t\t\t\t\t\t<\/div>\n\t\t\t\t<\/div>\n\t\t\t\t\t<\/div>\n\t\t\t\t<\/div>\n\t\t<div class=\"elementor-element elementor-element-984a440 e-flex e-con-boxed e-con e-parent\" data-id=\"984a440\" data-element_type=\"container\" data-e-type=\"container\" data-settings=\"{&quot;background_background&quot;:&quot;classic&quot;}\">\n\t\t\t\t\t<div class=\"e-con-inner\">\n\t\t\t\t<div class=\"elementor-element elementor-element-0805d7c elementor-widget elementor-widget-heading\" data-id=\"0805d7c\" data-element_type=\"widget\" data-e-type=\"widget\" data-widget_type=\"heading.default\">\n\t\t\t\t\t<h2 class=\"elementor-heading-title elementor-size-default\">Comercial Oiapoque Ao Chu\u00ed Brasil LTDA <br> integrando marcas, conectando neg\u00f3cios e fornecendo solu\u00e7\u00f5es de A a Z<\/h2>\t\t\t\t<\/div>\n\t\t\t\t\t<\/div>\n\t\t\t\t<\/div>\n\t\t\t\t<\/div>\n\t\t","protected":false},"excerpt":{"rendered":"<p>Comercial Oiapoque Ao Chu\u00ed Brasil LTDA Grupo empresarial de solu\u00e7\u00f5es integradas para vendas corporativas e licita\u00e7\u00f5es p\u00fablicas A Comercial Oiapoque Ao Chu\u00ed Brasil LTDA \u00e9 a empresa matriz de um grupo empresarial s\u00f3lido e diversificado, que atua em diferentes segmentos do mercado nacional.Com foco em vendas corporativas, fornecimentos para \u00f3rg\u00e3os p\u00fablicos e licita\u00e7\u00f5es, o grupo [&hellip;]<\/p>\n","protected":false},"author":1,"featured_media":0,"parent":0,"menu_order":0,"comment_status":"closed","ping_status":"closed","template":"elementor_canvas","meta":{"pagelayer_contact_templates":[],"_pagelayer_content":"","footnotes":""},"class_list":["post-7","page","type-page","status-publish","hentry"],"_links":{"self":[{"href":"https:\/\/neqplas.com.br\/comercialoiapoque\/wp-json\/wp\/v2\/pages\/7","targetHints":{"allow":["GET"]}}],"collection":[{"href":"https:\/\/neqplas.com.br\/comercialoiapoque\/wp-json\/wp\/v2\/pages"}],"about":[{"href":"https:\/\/neqplas.com.br\/comercialoiapoque\/wp-json\/wp\/v2\/types\/page"}],"author":[{"embeddable":true,"href":"https:\/\/neqplas.com.br\/comercialoiapoque\/wp-json\/wp\/v2\/users\/1"}],"replies":[{"embeddable":true,"href":"https:\/\/neqplas.com.br\/comercialoiapoque\/wp-json\/wp\/v2\/comments?post=7"}],"version-history":[{"count":19,"href":"https:\/\/neqplas.com.br\/comercialoiapoque\/wp-json\/wp\/v2\/pages\/7\/revisions"}],"predecessor-version":[{"id":32,"href":"https:\/\/neqplas.com.br\/comercialoiapoque\/wp-json\/wp\/v2\/pages\/7\/revisions\/32"}],"wp:attachment":[{"href":"https:\/\/neqplas.com.br\/comercialoiapoque\/wp-json\/wp\/v2\/media?parent=7"}],"curies":[{"name":"wp","href":"https:\/\/api.w.org\/{rel}","templated":true}]}}